{"id":589,"date":"2024-02-01T19:09:40","date_gmt":"2024-02-02T00:09:40","guid":{"rendered":"https:\/\/naturalstonedesignr.com\/?post_type=product&#038;p=589"},"modified":"2024-02-01T19:09:40","modified_gmt":"2024-02-02T00:09:40","slug":"mesones-para-bano-2","status":"publish","type":"product","link":"https:\/\/naturalstonedesignr.com\/index.php\/producto\/mesones-para-bano-2\/","title":{"rendered":"Mesones para Ba\u00f1o"},"content":{"rendered":"<p><strong>Material:<\/strong> M\u00e1rmol, Granitos, Quarztone y Piedra sinterizada<\/p>\n<p><strong>Color:<\/strong> Env\u00edanos la referencia que te gusta o pregunta por nuestros dise\u00f1os y colores disponibles.<\/p>\n<p><strong>Partes del ba\u00f1o a decorar:<\/strong> Mes\u00f3n, piso, ba\u00f1era superficies en zona humeda, paredes exteriores.<\/p>\n<p><strong>Asesor\u00eda:<\/strong> Hacemos un acompa\u00f1amiento completo desde el dise\u00f1o, la fabricaci\u00f3n e instalaci\u00f3n de tu pedido.<\/p>\n","protected":false},"excerpt":{"rendered":"<p>Material: M\u00e1rmol, Granitos, Quarztone y Piedra sinterizada Color: Env\u00edanos la referencia que te gusta o pregunta por nuestros dise\u00f1os y colores disponibles. Partes del ba\u00f1o a decorar: Mes\u00f3n, piso, ba\u00f1era superficies en zona humeda, paredes exteriores. Asesor\u00eda: Hacemos un acompa\u00f1amiento completo desde el dise\u00f1o, la fabricaci\u00f3n e instalaci\u00f3n de tu pedido.<\/p>\n","protected":false},"featured_media":590,"comment_status":"open","ping_status":"closed","template":"","meta":{"_et_pb_use_builder":"","_et_pb_old_content":"","_et_gb_content_width":"","_joinchat":[]},"product_brand":[],"product_cat":[19],"product_tag":[],"class_list":{"0":"post-589","1":"product","2":"type-product","3":"status-publish","4":"has-post-thumbnail","6":"product_cat-sin-categorizar","8":"first","9":"instock","10":"shipping-taxable","11":"product-type-simple"},"yoast_head":"<!-- This site is optimized with the Yoast SEO plugin v25.8 - https:\/\/yoast.com\/wordpress\/plugins\/seo\/ -->\n<title>Mesones para Ba\u00f1o - Natural Stone DesignR<\/title>\n<meta name=\"robots\" content=\"index, follow, max-snippet:-1, max-image-preview:large, max-video-preview:-1\" \/>\n<link rel=\"canonical\" href=\"https:\/\/naturalstonedesignr.com\/index.php\/producto\/mesones-para-bano-2\/\" \/>\n<meta property=\"og:locale\" content=\"es_ES\" \/>\n<meta property=\"og:type\" content=\"article\" \/>\n<meta property=\"og:title\" content=\"Mesones para Ba\u00f1o - Natural Stone DesignR\" \/>\n<meta property=\"og:description\" content=\"Material: M\u00e1rmol, Granitos, Quarztone y Piedra sinterizada Color: Env\u00edanos la referencia que te gusta o pregunta por nuestros dise\u00f1os y colores disponibles. Partes del ba\u00f1o a decorar: Mes\u00f3n, piso, ba\u00f1era superficies en zona humeda, paredes exteriores. Asesor\u00eda: Hacemos un acompa\u00f1amiento completo desde el dise\u00f1o, la fabricaci\u00f3n e instalaci\u00f3n de tu pedido.\" \/>\n<meta property=\"og:url\" content=\"https:\/\/naturalstonedesignr.com\/index.php\/producto\/mesones-para-bano-2\/\" \/>\n<meta property=\"og:site_name\" content=\"Natural Stone DesignR\" \/>\n<meta property=\"og:image\" content=\"https:\/\/naturalstonedesignr.com\/wp-content\/uploads\/2024\/02\/Meson-para-bano-2.png\" \/>\n\t<meta property=\"og:image:width\" content=\"474\" \/>\n\t<meta property=\"og:image:height\" content=\"326\" \/>\n\t<meta property=\"og:image:type\" content=\"image\/png\" \/>\n<meta name=\"twitter:card\" content=\"summary_large_image\" \/>\n<script type=\"application\/ld+json\" class=\"yoast-schema-graph\">{\"@context\":\"https:\/\/schema.org\",\"@graph\":[{\"@type\":\"WebPage\",\"@id\":\"https:\/\/naturalstonedesignr.com\/index.php\/producto\/mesones-para-bano-2\/\",\"url\":\"https:\/\/naturalstonedesignr.com\/index.php\/producto\/mesones-para-bano-2\/\",\"name\":\"Mesones para Ba\u00f1o - Natural Stone DesignR\",\"isPartOf\":{\"@id\":\"https:\/\/naturalstonedesignr.com\/#website\"},\"primaryImageOfPage\":{\"@id\":\"https:\/\/naturalstonedesignr.com\/index.php\/producto\/mesones-para-bano-2\/#primaryimage\"},\"image\":{\"@id\":\"https:\/\/naturalstonedesignr.com\/index.php\/producto\/mesones-para-bano-2\/#primaryimage\"},\"thumbnailUrl\":\"https:\/\/naturalstonedesignr.com\/wp-content\/uploads\/2024\/02\/Meson-para-bano-2.png\",\"datePublished\":\"2024-02-02T00:09:40+00:00\",\"breadcrumb\":{\"@id\":\"https:\/\/naturalstonedesignr.com\/index.php\/producto\/mesones-para-bano-2\/#breadcrumb\"},\"inLanguage\":\"es\",\"potentialAction\":[{\"@type\":\"ReadAction\",\"target\":[\"https:\/\/naturalstonedesignr.com\/index.php\/producto\/mesones-para-bano-2\/\"]}]},{\"@type\":\"ImageObject\",\"inLanguage\":\"es\",\"@id\":\"https:\/\/naturalstonedesignr.com\/index.php\/producto\/mesones-para-bano-2\/#primaryimage\",\"url\":\"https:\/\/naturalstonedesignr.com\/wp-content\/uploads\/2024\/02\/Meson-para-bano-2.png\",\"contentUrl\":\"https:\/\/naturalstonedesignr.com\/wp-content\/uploads\/2024\/02\/Meson-para-bano-2.png\",\"width\":474,\"height\":326,\"caption\":\"Meson para Ba\u00f1o\"},{\"@type\":\"BreadcrumbList\",\"@id\":\"https:\/\/naturalstonedesignr.com\/index.php\/producto\/mesones-para-bano-2\/#breadcrumb\",\"itemListElement\":[{\"@type\":\"ListItem\",\"position\":1,\"name\":\"Portada\",\"item\":\"https:\/\/naturalstonedesignr.com\/\"},{\"@type\":\"ListItem\",\"position\":2,\"name\":\"Tienda\",\"item\":\"https:\/\/naturalstonedesignr.com\/index.php\/tienda\/\"},{\"@type\":\"ListItem\",\"position\":3,\"name\":\"Mesones para Ba\u00f1o\"}]},{\"@type\":\"WebSite\",\"@id\":\"https:\/\/naturalstonedesignr.com\/#website\",\"url\":\"https:\/\/naturalstonedesignr.com\/\",\"name\":\"Natural Stone DesignR\",\"description\":\"\",\"potentialAction\":[{\"@type\":\"SearchAction\",\"target\":{\"@type\":\"EntryPoint\",\"urlTemplate\":\"https:\/\/naturalstonedesignr.com\/?s={search_term_string}\"},\"query-input\":{\"@type\":\"PropertyValueSpecification\",\"valueRequired\":true,\"valueName\":\"search_term_string\"}}],\"inLanguage\":\"es\"}]}<\/script>\n<!-- \/ Yoast SEO plugin. -->","yoast_head_json":{"title":"Mesones para Ba\u00f1o - Natural Stone DesignR","robots":{"index":"index","follow":"follow","max-snippet":"max-snippet:-1","max-image-preview":"max-image-preview:large","max-video-preview":"max-video-preview:-1"},"canonical":"https:\/\/naturalstonedesignr.com\/index.php\/producto\/mesones-para-bano-2\/","og_locale":"es_ES","og_type":"article","og_title":"Mesones para Ba\u00f1o - Natural Stone DesignR","og_description":"Material: M\u00e1rmol, Granitos, Quarztone y Piedra sinterizada Color: Env\u00edanos la referencia que te gusta o pregunta por nuestros dise\u00f1os y colores disponibles. Partes del ba\u00f1o a decorar: Mes\u00f3n, piso, ba\u00f1era superficies en zona humeda, paredes exteriores. Asesor\u00eda: Hacemos un acompa\u00f1amiento completo desde el dise\u00f1o, la fabricaci\u00f3n e instalaci\u00f3n de tu pedido.","og_url":"https:\/\/naturalstonedesignr.com\/index.php\/producto\/mesones-para-bano-2\/","og_site_name":"Natural Stone DesignR","og_image":[{"width":474,"height":326,"url":"https:\/\/naturalstonedesignr.com\/wp-content\/uploads\/2024\/02\/Meson-para-bano-2.png","type":"image\/png"}],"twitter_card":"summary_large_image","schema":{"@context":"https:\/\/schema.org","@graph":[{"@type":"WebPage","@id":"https:\/\/naturalstonedesignr.com\/index.php\/producto\/mesones-para-bano-2\/","url":"https:\/\/naturalstonedesignr.com\/index.php\/producto\/mesones-para-bano-2\/","name":"Mesones para Ba\u00f1o - Natural Stone DesignR","isPartOf":{"@id":"https:\/\/naturalstonedesignr.com\/#website"},"primaryImageOfPage":{"@id":"https:\/\/naturalstonedesignr.com\/index.php\/producto\/mesones-para-bano-2\/#primaryimage"},"image":{"@id":"https:\/\/naturalstonedesignr.com\/index.php\/producto\/mesones-para-bano-2\/#primaryimage"},"thumbnailUrl":"https:\/\/naturalstonedesignr.com\/wp-content\/uploads\/2024\/02\/Meson-para-bano-2.png","datePublished":"2024-02-02T00:09:40+00:00","breadcrumb":{"@id":"https:\/\/naturalstonedesignr.com\/index.php\/producto\/mesones-para-bano-2\/#breadcrumb"},"inLanguage":"es","potentialAction":[{"@type":"ReadAction","target":["https:\/\/naturalstonedesignr.com\/index.php\/producto\/mesones-para-bano-2\/"]}]},{"@type":"ImageObject","inLanguage":"es","@id":"https:\/\/naturalstonedesignr.com\/index.php\/producto\/mesones-para-bano-2\/#primaryimage","url":"https:\/\/naturalstonedesignr.com\/wp-content\/uploads\/2024\/02\/Meson-para-bano-2.png","contentUrl":"https:\/\/naturalstonedesignr.com\/wp-content\/uploads\/2024\/02\/Meson-para-bano-2.png","width":474,"height":326,"caption":"Meson para Ba\u00f1o"},{"@type":"BreadcrumbList","@id":"https:\/\/naturalstonedesignr.com\/index.php\/producto\/mesones-para-bano-2\/#breadcrumb","itemListElement":[{"@type":"ListItem","position":1,"name":"Portada","item":"https:\/\/naturalstonedesignr.com\/"},{"@type":"ListItem","position":2,"name":"Tienda","item":"https:\/\/naturalstonedesignr.com\/index.php\/tienda\/"},{"@type":"ListItem","position":3,"name":"Mesones para Ba\u00f1o"}]},{"@type":"WebSite","@id":"https:\/\/naturalstonedesignr.com\/#website","url":"https:\/\/naturalstonedesignr.com\/","name":"Natural Stone DesignR","description":"","potentialAction":[{"@type":"SearchAction","target":{"@type":"EntryPoint","urlTemplate":"https:\/\/naturalstonedesignr.com\/?s={search_term_string}"},"query-input":{"@type":"PropertyValueSpecification","valueRequired":true,"valueName":"search_term_string"}}],"inLanguage":"es"}]}},"_links":{"self":[{"href":"https:\/\/naturalstonedesignr.com\/index.php\/wp-json\/wp\/v2\/product\/589","targetHints":{"allow":["GET"]}}],"collection":[{"href":"https:\/\/naturalstonedesignr.com\/index.php\/wp-json\/wp\/v2\/product"}],"about":[{"href":"https:\/\/naturalstonedesignr.com\/index.php\/wp-json\/wp\/v2\/types\/product"}],"replies":[{"embeddable":true,"href":"https:\/\/naturalstonedesignr.com\/index.php\/wp-json\/wp\/v2\/comments?post=589"}],"wp:featuredmedia":[{"embeddable":true,"href":"https:\/\/naturalstonedesignr.com\/index.php\/wp-json\/wp\/v2\/media\/590"}],"wp:attachment":[{"href":"https:\/\/naturalstonedesignr.com\/index.php\/wp-json\/wp\/v2\/media?parent=589"}],"wp:term":[{"taxonomy":"product_brand","embeddable":true,"href":"https:\/\/naturalstonedesignr.com\/index.php\/wp-json\/wp\/v2\/product_brand?post=589"},{"taxonomy":"product_cat","embeddable":true,"href":"https:\/\/naturalstonedesignr.com\/index.php\/wp-json\/wp\/v2\/product_cat?post=589"},{"taxonomy":"product_tag","embeddable":true,"href":"https:\/\/naturalstonedesignr.com\/index.php\/wp-json\/wp\/v2\/product_tag?post=589"}],"curies":[{"name":"wp","href":"https:\/\/api.w.org\/{rel}","templated":true}]}}