{"id":639,"date":"2024-02-02T15:39:38","date_gmt":"2024-02-02T20:39:38","guid":{"rendered":"https:\/\/naturalstonedesignr.com\/?post_type=product&#038;p=639"},"modified":"2024-02-02T15:39:39","modified_gmt":"2024-02-02T20:39:39","slug":"comedor-rectangular-4-puestos","status":"publish","type":"product","link":"https:\/\/naturalstonedesignr.com\/index.php\/producto\/comedor-rectangular-4-puestos\/","title":{"rendered":"Comedor Rectangular 4 puestos"},"content":{"rendered":"<p><strong>Material:<\/strong> M\u00e1rmol, Granitos, Quarztone y Piedra sinterizada<\/p>\n<p><strong>Color:<\/strong> Env\u00edanos la referencia que te gusta o pregunta por nuestros dise\u00f1os y colores disponibles.<\/p>\n<p><strong>Dise\u00f1o de mesa:<\/strong> Elige el dise\u00f1o rectangular o redondo para la mesa de centro o comedor que quieres para tu hogar, pregunta los precios por WhatsApp o por correo.<\/p>\n<p><strong>Asesor\u00eda:<\/strong> Hacemos un acompa\u00f1amiento completo desde el dise\u00f1o, la fabricaci\u00f3n e instalaci\u00f3n de tu pedido.<\/p>\n","protected":false},"excerpt":{"rendered":"<p>Material: M\u00e1rmol, Granitos, Quarztone y Piedra sinterizada Color: Env\u00edanos la referencia que te gusta o pregunta por nuestros dise\u00f1os y colores disponibles. Dise\u00f1o de mesa: Elige el dise\u00f1o rectangular o redondo para la mesa de centro o comedor que quieres para tu hogar, pregunta los precios por WhatsApp o por correo. Asesor\u00eda: Hacemos un acompa\u00f1amiento [&hellip;]<\/p>\n","protected":false},"featured_media":640,"comment_status":"open","ping_status":"closed","template":"","meta":{"_et_pb_use_builder":"","_et_pb_old_content":"","_et_gb_content_width":"","_joinchat":[]},"product_brand":[],"product_cat":[25],"product_tag":[],"class_list":{"0":"post-639","1":"product","2":"type-product","3":"status-publish","4":"has-post-thumbnail","6":"product_cat-mesas-hogar","8":"first","9":"instock","10":"shipping-taxable","11":"product-type-simple"},"yoast_head":"<!-- This site is optimized with the Yoast SEO plugin v25.8 - https:\/\/yoast.com\/wordpress\/plugins\/seo\/ -->\n<title>Comedor Rectangular 4 puestos - Natural Stone DesignR<\/title>\n<meta name=\"robots\" content=\"index, follow, max-snippet:-1, max-image-preview:large, max-video-preview:-1\" \/>\n<link rel=\"canonical\" href=\"https:\/\/naturalstonedesignr.com\/index.php\/producto\/comedor-rectangular-4-puestos\/\" \/>\n<meta property=\"og:locale\" content=\"es_ES\" \/>\n<meta property=\"og:type\" content=\"article\" \/>\n<meta property=\"og:title\" content=\"Comedor Rectangular 4 puestos - Natural Stone DesignR\" \/>\n<meta property=\"og:description\" content=\"Material: M\u00e1rmol, Granitos, Quarztone y Piedra sinterizada Color: Env\u00edanos la referencia que te gusta o pregunta por nuestros dise\u00f1os y colores disponibles. Dise\u00f1o de mesa: Elige el dise\u00f1o rectangular o redondo para la mesa de centro o comedor que quieres para tu hogar, pregunta los precios por WhatsApp o por correo. Asesor\u00eda: Hacemos un acompa\u00f1amiento [&hellip;]\" \/>\n<meta property=\"og:url\" content=\"https:\/\/naturalstonedesignr.com\/index.php\/producto\/comedor-rectangular-4-puestos\/\" \/>\n<meta property=\"og:site_name\" content=\"Natural Stone DesignR\" \/>\n<meta property=\"article:modified_time\" content=\"2024-02-02T20:39:39+00:00\" \/>\n<meta property=\"og:image\" content=\"https:\/\/naturalstonedesignr.com\/wp-content\/uploads\/2024\/02\/Comedor-4-Puestos.png\" \/>\n\t<meta property=\"og:image:width\" content=\"474\" \/>\n\t<meta property=\"og:image:height\" content=\"333\" \/>\n\t<meta property=\"og:image:type\" content=\"image\/png\" \/>\n<meta name=\"twitter:card\" content=\"summary_large_image\" \/>\n<script type=\"application\/ld+json\" class=\"yoast-schema-graph\">{\"@context\":\"https:\/\/schema.org\",\"@graph\":[{\"@type\":\"WebPage\",\"@id\":\"https:\/\/naturalstonedesignr.com\/index.php\/producto\/comedor-rectangular-4-puestos\/\",\"url\":\"https:\/\/naturalstonedesignr.com\/index.php\/producto\/comedor-rectangular-4-puestos\/\",\"name\":\"Comedor Rectangular 4 puestos - Natural Stone DesignR\",\"isPartOf\":{\"@id\":\"https:\/\/naturalstonedesignr.com\/#website\"},\"primaryImageOfPage\":{\"@id\":\"https:\/\/naturalstonedesignr.com\/index.php\/producto\/comedor-rectangular-4-puestos\/#primaryimage\"},\"image\":{\"@id\":\"https:\/\/naturalstonedesignr.com\/index.php\/producto\/comedor-rectangular-4-puestos\/#primaryimage\"},\"thumbnailUrl\":\"https:\/\/naturalstonedesignr.com\/wp-content\/uploads\/2024\/02\/Comedor-4-Puestos.png\",\"datePublished\":\"2024-02-02T20:39:38+00:00\",\"dateModified\":\"2024-02-02T20:39:39+00:00\",\"breadcrumb\":{\"@id\":\"https:\/\/naturalstonedesignr.com\/index.php\/producto\/comedor-rectangular-4-puestos\/#breadcrumb\"},\"inLanguage\":\"es\",\"potentialAction\":[{\"@type\":\"ReadAction\",\"target\":[\"https:\/\/naturalstonedesignr.com\/index.php\/producto\/comedor-rectangular-4-puestos\/\"]}]},{\"@type\":\"ImageObject\",\"inLanguage\":\"es\",\"@id\":\"https:\/\/naturalstonedesignr.com\/index.php\/producto\/comedor-rectangular-4-puestos\/#primaryimage\",\"url\":\"https:\/\/naturalstonedesignr.com\/wp-content\/uploads\/2024\/02\/Comedor-4-Puestos.png\",\"contentUrl\":\"https:\/\/naturalstonedesignr.com\/wp-content\/uploads\/2024\/02\/Comedor-4-Puestos.png\",\"width\":474,\"height\":333,\"caption\":\"Comedor de 4 puestos\"},{\"@type\":\"BreadcrumbList\",\"@id\":\"https:\/\/naturalstonedesignr.com\/index.php\/producto\/comedor-rectangular-4-puestos\/#breadcrumb\",\"itemListElement\":[{\"@type\":\"ListItem\",\"position\":1,\"name\":\"Portada\",\"item\":\"https:\/\/naturalstonedesignr.com\/\"},{\"@type\":\"ListItem\",\"position\":2,\"name\":\"Tienda\",\"item\":\"https:\/\/naturalstonedesignr.com\/index.php\/tienda\/\"},{\"@type\":\"ListItem\",\"position\":3,\"name\":\"Comedor Rectangular 4 puestos\"}]},{\"@type\":\"WebSite\",\"@id\":\"https:\/\/naturalstonedesignr.com\/#website\",\"url\":\"https:\/\/naturalstonedesignr.com\/\",\"name\":\"Natural Stone DesignR\",\"description\":\"\",\"potentialAction\":[{\"@type\":\"SearchAction\",\"target\":{\"@type\":\"EntryPoint\",\"urlTemplate\":\"https:\/\/naturalstonedesignr.com\/?s={search_term_string}\"},\"query-input\":{\"@type\":\"PropertyValueSpecification\",\"valueRequired\":true,\"valueName\":\"search_term_string\"}}],\"inLanguage\":\"es\"}]}<\/script>\n<!-- \/ Yoast SEO plugin. -->","yoast_head_json":{"title":"Comedor Rectangular 4 puestos - Natural Stone DesignR","robots":{"index":"index","follow":"follow","max-snippet":"max-snippet:-1","max-image-preview":"max-image-preview:large","max-video-preview":"max-video-preview:-1"},"canonical":"https:\/\/naturalstonedesignr.com\/index.php\/producto\/comedor-rectangular-4-puestos\/","og_locale":"es_ES","og_type":"article","og_title":"Comedor Rectangular 4 puestos - Natural Stone DesignR","og_description":"Material: M\u00e1rmol, Granitos, Quarztone y Piedra sinterizada Color: Env\u00edanos la referencia que te gusta o pregunta por nuestros dise\u00f1os y colores disponibles. Dise\u00f1o de mesa: Elige el dise\u00f1o rectangular o redondo para la mesa de centro o comedor que quieres para tu hogar, pregunta los precios por WhatsApp o por correo. Asesor\u00eda: Hacemos un acompa\u00f1amiento [&hellip;]","og_url":"https:\/\/naturalstonedesignr.com\/index.php\/producto\/comedor-rectangular-4-puestos\/","og_site_name":"Natural Stone DesignR","article_modified_time":"2024-02-02T20:39:39+00:00","og_image":[{"width":474,"height":333,"url":"https:\/\/naturalstonedesignr.com\/wp-content\/uploads\/2024\/02\/Comedor-4-Puestos.png","type":"image\/png"}],"twitter_card":"summary_large_image","schema":{"@context":"https:\/\/schema.org","@graph":[{"@type":"WebPage","@id":"https:\/\/naturalstonedesignr.com\/index.php\/producto\/comedor-rectangular-4-puestos\/","url":"https:\/\/naturalstonedesignr.com\/index.php\/producto\/comedor-rectangular-4-puestos\/","name":"Comedor Rectangular 4 puestos - Natural Stone DesignR","isPartOf":{"@id":"https:\/\/naturalstonedesignr.com\/#website"},"primaryImageOfPage":{"@id":"https:\/\/naturalstonedesignr.com\/index.php\/producto\/comedor-rectangular-4-puestos\/#primaryimage"},"image":{"@id":"https:\/\/naturalstonedesignr.com\/index.php\/producto\/comedor-rectangular-4-puestos\/#primaryimage"},"thumbnailUrl":"https:\/\/naturalstonedesignr.com\/wp-content\/uploads\/2024\/02\/Comedor-4-Puestos.png","datePublished":"2024-02-02T20:39:38+00:00","dateModified":"2024-02-02T20:39:39+00:00","breadcrumb":{"@id":"https:\/\/naturalstonedesignr.com\/index.php\/producto\/comedor-rectangular-4-puestos\/#breadcrumb"},"inLanguage":"es","potentialAction":[{"@type":"ReadAction","target":["https:\/\/naturalstonedesignr.com\/index.php\/producto\/comedor-rectangular-4-puestos\/"]}]},{"@type":"ImageObject","inLanguage":"es","@id":"https:\/\/naturalstonedesignr.com\/index.php\/producto\/comedor-rectangular-4-puestos\/#primaryimage","url":"https:\/\/naturalstonedesignr.com\/wp-content\/uploads\/2024\/02\/Comedor-4-Puestos.png","contentUrl":"https:\/\/naturalstonedesignr.com\/wp-content\/uploads\/2024\/02\/Comedor-4-Puestos.png","width":474,"height":333,"caption":"Comedor de 4 puestos"},{"@type":"BreadcrumbList","@id":"https:\/\/naturalstonedesignr.com\/index.php\/producto\/comedor-rectangular-4-puestos\/#breadcrumb","itemListElement":[{"@type":"ListItem","position":1,"name":"Portada","item":"https:\/\/naturalstonedesignr.com\/"},{"@type":"ListItem","position":2,"name":"Tienda","item":"https:\/\/naturalstonedesignr.com\/index.php\/tienda\/"},{"@type":"ListItem","position":3,"name":"Comedor Rectangular 4 puestos"}]},{"@type":"WebSite","@id":"https:\/\/naturalstonedesignr.com\/#website","url":"https:\/\/naturalstonedesignr.com\/","name":"Natural Stone DesignR","description":"","potentialAction":[{"@type":"SearchAction","target":{"@type":"EntryPoint","urlTemplate":"https:\/\/naturalstonedesignr.com\/?s={search_term_string}"},"query-input":{"@type":"PropertyValueSpecification","valueRequired":true,"valueName":"search_term_string"}}],"inLanguage":"es"}]}},"_links":{"self":[{"href":"https:\/\/naturalstonedesignr.com\/index.php\/wp-json\/wp\/v2\/product\/639","targetHints":{"allow":["GET"]}}],"collection":[{"href":"https:\/\/naturalstonedesignr.com\/index.php\/wp-json\/wp\/v2\/product"}],"about":[{"href":"https:\/\/naturalstonedesignr.com\/index.php\/wp-json\/wp\/v2\/types\/product"}],"replies":[{"embeddable":true,"href":"https:\/\/naturalstonedesignr.com\/index.php\/wp-json\/wp\/v2\/comments?post=639"}],"wp:featuredmedia":[{"embeddable":true,"href":"https:\/\/naturalstonedesignr.com\/index.php\/wp-json\/wp\/v2\/media\/640"}],"wp:attachment":[{"href":"https:\/\/naturalstonedesignr.com\/index.php\/wp-json\/wp\/v2\/media?parent=639"}],"wp:term":[{"taxonomy":"product_brand","embeddable":true,"href":"https:\/\/naturalstonedesignr.com\/index.php\/wp-json\/wp\/v2\/product_brand?post=639"},{"taxonomy":"product_cat","embeddable":true,"href":"https:\/\/naturalstonedesignr.com\/index.php\/wp-json\/wp\/v2\/product_cat?post=639"},{"taxonomy":"product_tag","embeddable":true,"href":"https:\/\/naturalstonedesignr.com\/index.php\/wp-json\/wp\/v2\/product_tag?post=639"}],"curies":[{"name":"wp","href":"https:\/\/api.w.org\/{rel}","templated":true}]}}